{"id":10,"date":"2020-08-31T20:41:55","date_gmt":"2020-08-31T20:41:55","guid":{"rendered":"http:\/\/mobitap.com.pl\/?page_id=10"},"modified":"2025-11-13T20:29:05","modified_gmt":"2025-11-13T20:29:05","slug":"pranie-tapicerek-samochodowych","status":"publish","type":"page","link":"https:\/\/mobitap.com.pl\/?page_id=10","title":{"rendered":"Pranie tapicerek samochodowych"},"content":{"rendered":"<p>[et_pb_section fb_built=&#8221;1&#8243; fullwidth=&#8221;on&#8221; _builder_version=&#8221;4.5.2&#8243; _module_preset=&#8221;default&#8221; bottom_divider_style=&#8221;arrow3&#8243; bottom_divider_color=&#8221;#ffffff&#8221;][et_pb_fullwidth_slider _builder_version=&#8221;4.5.2&#8243; _module_preset=&#8221;default&#8221; header_text_shadow_style=&#8221;preset2&#8243; text_shadow_style=&#8221;preset4&#8243;][et_pb_slide heading=&#8221; Pranie tapicerek samochodowych i kompleksowe czyszczenie wn\u0119trz samochodowych&#8221; _builder_version=&#8221;4.5.2&#8243; _module_preset=&#8221;default&#8221; background_image=&#8221;https:\/\/mobitap.com.pl\/wp-content\/uploads\/2020\/08\/36596-1-scaled-1.jpg&#8221; background_enable_image=&#8221;on&#8221; sticky_transition=&#8221;on&#8221;][\/et_pb_slide][\/et_pb_fullwidth_slider][\/et_pb_section][et_pb_section fb_built=&#8221;1&#8243; _builder_version=&#8221;4.5.2&#8243; _module_preset=&#8221;default&#8221;][et_pb_row column_structure=&#8221;2_5,3_5&#8243; _builder_version=&#8221;4.5.2&#8243; _module_preset=&#8221;default&#8221;][et_pb_column type=&#8221;2_5&#8243; _builder_version=&#8221;4.5.2&#8243; _module_preset=&#8221;default&#8221;][et_pb_image src=&#8221;https:\/\/mobitap.com.pl\/wp-content\/uploads\/2020\/09\/99130361_246278890137534_3945452924854861824_o.jpg&#8221; title_text=&#8221;99130361_246278890137534_3945452924854861824_o&#8221; _builder_version=&#8221;4.6.0&#8243; _module_preset=&#8221;default&#8221;][\/et_pb_image][\/et_pb_column][et_pb_column type=&#8221;3_5&#8243; _builder_version=&#8221;4.5.2&#8243; _module_preset=&#8221;default&#8221;][et_pb_text _builder_version=&#8221;4.5.2&#8243; _module_preset=&#8221;default&#8221;]<\/p>\n<p style=\"text-align: justify;\">Zajmujemy si\u0119 tak\u017ce praniem tapicerek samochodowych. Tak jak w przypadku mebli czyszczenie odbywa si\u0119 metod\u0105 ekstrakcyjn\u0105, jednak u\u017cywane \u015brodki s\u0105 przeznaczone do tapicerek samochodowych. Podczas prania pozbywamy si\u0119 ro\u017cnego rodzaju zabrudze\u0144, sier\u015bci zwierz\u0105t, alergen\u00f3w i roztoczy. Tapicerk\u0119 samochodow\u0105 po czyszczeniu suszymy, zatem auto jest gotowe od razu do u\u017cytku co nas wyr\u00f3\u017cnia w\u015br\u00f3d innych firm. Bez obaw czy\u015bcimy r\u00f3wnie\u017c sk\u00f3rzan\u0105 tapicerk\u0119 samochodow\u0105 dedykowanymi do tego celu \u015brodkami. Po czyszczeniu jest zabezpieczana przed przesuszeniem i p\u0119kaniem.<\/p>\n<p>[\/et_pb_text][\/et_pb_column][\/et_pb_row][et_pb_row column_structure=&#8221;1_2,1_2&#8243; _builder_version=&#8221;4.5.2&#8243; _module_preset=&#8221;default&#8221;][et_pb_column type=&#8221;1_2&#8243; _builder_version=&#8221;4.5.2&#8243; _module_preset=&#8221;default&#8221;][et_pb_text _builder_version=&#8221;4.5.2&#8243; _module_preset=&#8221;default&#8221; header_2_text_color=&#8221;#ffffff&#8221; header_2_font_size=&#8221;45px&#8221; background_color=&#8221;#d6d6d6&#8243; text_text_shadow_style=&#8221;preset1&#8243; box_shadow_style=&#8221;preset2&#8243;]<\/p>\n<h2 style=\"text-align: center;\">Tapicerka materia\u0142owa<\/h2>\n<p>[\/et_pb_text][et_pb_text _builder_version=&#8221;4.6.0&#8243; _module_preset=&#8221;default&#8221; text_text_color=&#8221;#e02b20&#8243; text_font_size=&#8221;50px&#8221;]<\/p>\n<p style=\"text-align: center;\">\u00a0od 180 z\u0142<\/p>\n<p>[\/et_pb_text][et_pb_text ul_type=&#8221;circle&#8221; _builder_version=&#8221;4.6.0&#8243; _module_preset=&#8221;default&#8221; ul_font_size=&#8221;20px&#8221; ul_line_height=&#8221;2em&#8221;]<\/p>\n<ul>\n<li style=\"text-align: justify;\">Pranie foteli, tylnej kanapy, boczk\u00f3w drzwiowych<\/li>\n<li style=\"text-align: justify;\">auto 5-osobowe 180-200 z\u0142<\/li>\n<li style=\"text-align: justify;\">auto 7-osobowe 250-270 z\u0142<\/li>\n<\/ul>\n<p>[\/et_pb_text][\/et_pb_column][et_pb_column type=&#8221;1_2&#8243; _builder_version=&#8221;4.5.2&#8243; _module_preset=&#8221;default&#8221;][et_pb_text _builder_version=&#8221;4.5.2&#8243; _module_preset=&#8221;default&#8221; header_2_text_color=&#8221;#ffffff&#8221; header_2_font_size=&#8221;45px&#8221; background_color=&#8221;#d6d6d6&#8243; text_text_shadow_style=&#8221;preset1&#8243; box_shadow_style=&#8221;preset2&#8243;]<\/p>\n<h2 style=\"text-align: center;\">Tapicerka sk\u00f3rzana<\/h2>\n<p>[\/et_pb_text][et_pb_text _builder_version=&#8221;4.6.0&#8243; _module_preset=&#8221;default&#8221; text_text_color=&#8221;#e02b20&#8243; text_font_size=&#8221;50px&#8221;]<\/p>\n<p style=\"text-align: center;\">od 200 z\u0142<\/p>\n<p>[\/et_pb_text][et_pb_text ul_type=&#8221;circle&#8221; _builder_version=&#8221;4.6.0&#8243; _module_preset=&#8221;default&#8221; ul_font_size=&#8221;20px&#8221; ul_line_height=&#8221;2em&#8221;]<\/p>\n<ul>\n<li style=\"text-align: justify;\">Czyszczenie i konserwacja foteli, tylnej kanapy, boczk\u00f3w drzwiowych<\/li>\n<li style=\"text-align: justify;\">auto 5-osobowe 200-220 z\u0142<\/li>\n<li style=\"text-align: justify;\">auto 7-osobowe 270-290 z\u0142<\/li>\n<\/ul>\n<p>[\/et_pb_text][et_pb_text ul_type=&#8221;circle&#8221; _builder_version=&#8221;4.5.2&#8243; _module_preset=&#8221;default&#8221; ul_font_size=&#8221;20px&#8221; ul_line_height=&#8221;2em&#8221;][\/et_pb_text][\/et_pb_column][\/et_pb_row][et_pb_row _builder_version=&#8221;4.5.2&#8243; _module_preset=&#8221;default&#8221;][et_pb_column type=&#8221;4_4&#8243; _builder_version=&#8221;4.5.2&#8243; _module_preset=&#8221;default&#8221;][et_pb_text _builder_version=&#8221;4.6.0&#8243; _module_preset=&#8221;default&#8221; hover_enabled=&#8221;0&#8243; sticky_enabled=&#8221;0&#8243;]<\/p>\n<ul>\n<li><span>powy\u017csze ceny s\u0105 orientacyjne, w przypadku ponadprzeci\u0119tnego zabrudzenia wycena indywidualna na podstawie wys\u0142anych zdj\u0119\u0107 lub na miejscu<\/span><\/li>\n<li><span>za usuni\u0119cie sier\u015bci zwierz\u0105t doliczana jest dodatkowa op\u0142ata w wysoko\u015bci od 50 z\u0142 w zale\u017cno\u015bci od ilo\u015bci sier\u015bci<\/span><span><\/span><\/li>\n<li>us\u0142uga z dojazdem do Klienta mo\u017ce by\u0107 zrealizowana je\u015bli Klient zapewni dost\u0119p do pr\u0105du. Je\u015bli nie ma dost\u0119pu do pr\u0105du to jest mo\u017cliwo\u015b\u0107 skorzystania z us\u0142ugi stacjonarnie<\/li>\n<\/ul>\n<p>[\/et_pb_text][\/et_pb_column][\/et_pb_row][et_pb_row _builder_version=&#8221;4.5.2&#8243; _module_preset=&#8221;default&#8221;][et_pb_column type=&#8221;4_4&#8243; _builder_version=&#8221;4.5.2&#8243; _module_preset=&#8221;default&#8221;][et_pb_gallery gallery_ids=&#8221;288,277,41,42,43,44,151,152,150,64,114,54,56,142,113,115,112,138,137,136,117&#8243; fullwidth=&#8221;on&#8221; _builder_version=&#8221;4.6.0&#8243; _module_preset=&#8221;default&#8221;][\/et_pb_gallery][\/et_pb_column][\/et_pb_row][\/et_pb_section]<\/p>\n","protected":false},"excerpt":{"rendered":"<p>[et_pb_section fb_built=&#8221;1&#8243; fullwidth=&#8221;on&#8221; _builder_version=&#8221;4.5.2&#8243; _module_preset=&#8221;default&#8221; bottom_divider_style=&#8221;arrow3&#8243; bottom_divider_color=&#8221;#ffffff&#8221;][et_pb_fullwidth_slider _builder_version=&#8221;4.5.2&#8243; _module_preset=&#8221;default&#8221; header_text_shadow_style=&#8221;preset2&#8243; text_shadow_style=&#8221;preset4&#8243;][et_pb_slide heading=&#8221; Pranie tapicerek samochodowych i kompleksowe czyszczenie wn\u0119trz samochodowych&#8221; _builder_version=&#8221;4.5.2&#8243; _module_preset=&#8221;default&#8221; background_image=&#8221;https:\/\/mobitap.com.pl\/wp-content\/uploads\/2020\/08\/36596-1-scaled-1.jpg&#8221; background_enable_image=&#8221;on&#8221; sticky_transition=&#8221;on&#8221;][\/et_pb_slide][\/et_pb_fullwidth_slider][\/et_pb_section][et_pb_section fb_built=&#8221;1&#8243; _builder_version=&#8221;4.5.2&#8243; _module_preset=&#8221;default&#8221;][et_pb_row column_structure=&#8221;2_5,3_5&#8243; _builder_version=&#8221;4.5.2&#8243; _module_preset=&#8221;default&#8221;][et_pb_column type=&#8221;2_5&#8243; _builder_version=&#8221;4.5.2&#8243; _module_preset=&#8221;default&#8221;][et_pb_image src=&#8221;https:\/\/mobitap.com.pl\/wp-content\/uploads\/2020\/09\/99130361_246278890137534_3945452924854861824_o.jpg&#8221; title_text=&#8221;99130361_246278890137534_3945452924854861824_o&#8221; _builder_version=&#8221;4.6.0&#8243; _module_preset=&#8221;default&#8221;][\/et_pb_image][\/et_pb_column][et_pb_column type=&#8221;3_5&#8243; _builder_version=&#8221;4.5.2&#8243; _module_preset=&#8221;default&#8221;][et_pb_text _builder_version=&#8221;4.5.2&#8243; _module_preset=&#8221;default&#8221;] Zajmujemy si\u0119 tak\u017ce praniem tapicerek samochodowych. Tak jak w przypadku mebli czyszczenie [&hellip;]<\/p>\n","protected":false},"author":1,"featured_media":0,"parent":0,"menu_order":0,"comment_status":"closed","ping_status":"closed","template":"","meta":{"_et_pb_use_builder":"on","_et_pb_old_content":"<!-- wp:divi\/placeholder \/-->","_et_gb_content_width":"","footnotes":""},"_links":{"self":[{"href":"https:\/\/mobitap.com.pl\/index.php?rest_route=\/wp\/v2\/pages\/10"}],"collection":[{"href":"https:\/\/mobitap.com.pl\/index.php?rest_route=\/wp\/v2\/pages"}],"about":[{"href":"https:\/\/mobitap.com.pl\/index.php?rest_route=\/wp\/v2\/types\/page"}],"author":[{"embeddable":true,"href":"https:\/\/mobitap.com.pl\/index.php?rest_route=\/wp\/v2\/users\/1"}],"replies":[{"embeddable":true,"href":"https:\/\/mobitap.com.pl\/index.php?rest_route=%2Fwp%2Fv2%2Fcomments&post=10"}],"version-history":[{"count":20,"href":"https:\/\/mobitap.com.pl\/index.php?rest_route=\/wp\/v2\/pages\/10\/revisions"}],"predecessor-version":[{"id":316,"href":"https:\/\/mobitap.com.pl\/index.php?rest_route=\/wp\/v2\/pages\/10\/revisions\/316"}],"wp:attachment":[{"href":"https:\/\/mobitap.com.pl\/index.php?rest_route=%2Fwp%2Fv2%2Fmedia&parent=10"}],"curies":[{"name":"wp","href":"https:\/\/api.w.org\/{rel}","templated":true}]}}