{"id":8,"date":"2020-08-31T20:41:04","date_gmt":"2020-08-31T20:41:04","guid":{"rendered":"http:\/\/mobitap.com.pl\/?page_id=8"},"modified":"2025-11-13T20:35:42","modified_gmt":"2025-11-13T20:35:42","slug":"pranie-tapicerek-meblowych","status":"publish","type":"page","link":"https:\/\/mobitap.com.pl\/?page_id=8","title":{"rendered":"Pranie tapicerek meblowych"},"content":{"rendered":"<p>[et_pb_section fb_built=&#8221;1&#8243; fullwidth=&#8221;on&#8221; _builder_version=&#8221;4.5.2&#8243; _module_preset=&#8221;default&#8221; bottom_divider_style=&#8221;arrow3&#8243; bottom_divider_color=&#8221;#ffffff&#8221;][et_pb_fullwidth_slider _builder_version=&#8221;4.5.2&#8243; _module_preset=&#8221;default&#8221; header_text_shadow_style=&#8221;preset2&#8243; text_shadow_style=&#8221;preset4&#8243;][et_pb_slide heading=&#8221;Pranie tapicerek meblowych&#8221; _builder_version=&#8221;4.5.2&#8243; _module_preset=&#8221;default&#8221; background_image=&#8221;https:\/\/mobitap.com.pl\/wp-content\/uploads\/2020\/08\/3751942-1-scaled-1.jpg&#8221; background_enable_image=&#8221;on&#8221; sticky_transition=&#8221;on&#8221;][\/et_pb_slide][\/et_pb_fullwidth_slider][\/et_pb_section][et_pb_section fb_built=&#8221;1&#8243; _builder_version=&#8221;4.5.2&#8243; _module_preset=&#8221;default&#8221;][et_pb_row _builder_version=&#8221;4.5.2&#8243; _module_preset=&#8221;default&#8221;][et_pb_column type=&#8221;4_4&#8243; _builder_version=&#8221;4.5.2&#8243; _module_preset=&#8221;default&#8221;][et_pb_text _builder_version=&#8221;4.6.0&#8243; _module_preset=&#8221;default&#8221;]<\/p>\n<p style=\"text-align: justify;\">Oferujemy pranie tapicerek meblowych tj. kanapy, sofy, naro\u017cniki, fotele, pufy i krzes\u0142a. Czyszczenie wykonywane jest metod\u0105 ekstrakcyjn\u0105 poprzez u\u017cywanie maszyny natryskowo ss\u0105cej, kt\u00f3ra skutecznie usuwa plamy i zabrudzenia z wewn\u0105trz w\u0142\u00f3kien. Metoda ta pozwala na pozbycie si\u0119 nieprzyjemnego zapachu, alergen\u00f3w i roztoczy oraz wszelkich zaciek\u00f3w po rozlanych p\u0142ynach b\u0105d\u017a pr\u00f3bach samodzielnego usuni\u0119cia plam. Po praniu, w miar\u0119 mo\u017cliwo\u015bci u\u017cywamy specjalnych wentylator\u00f3w dedykowanych do osuszania tapicerki co maksymalnie skraca czas schniecia mebli.<\/p>\n<p>[\/et_pb_text][\/et_pb_column][\/et_pb_row][\/et_pb_section][et_pb_section fb_built=&#8221;1&#8243; fullwidth=&#8221;on&#8221; _builder_version=&#8221;4.6.0&#8243; _module_preset=&#8221;default&#8221; background_image=&#8221;https:\/\/mobitap.com.pl\/wp-content\/uploads\/2023\/02\/kanapa-przed-4561-scaled.jpg&#8221; bottom_divider_style=&#8221;triangle&#8221; bottom_divider_color=&#8221;#ffffff&#8221; bottom_divider_style_tablet=&#8221;&#8221; bottom_divider_style_phone=&#8221;none&#8221; bottom_divider_style_last_edited=&#8221;on|tablet&#8221;][et_pb_fullwidth_slider _builder_version=&#8221;4.6.0&#8243; _module_preset=&#8221;default&#8221;][et_pb_slide heading=&#8221;Tapicerka materia\u0142owa&#8221; _builder_version=&#8221;4.6.0&#8243; _module_preset=&#8221;default&#8221; background_enable_color=&#8221;off&#8221; background_image=&#8221;https:\/\/mobitap.com.pl\/wp-content\/uploads\/2023\/02\/kanapa-przed-4561-scaled.jpg&#8221; background_enable_image=&#8221;on&#8221; sticky_transition=&#8221;on&#8221;][\/et_pb_slide][\/et_pb_fullwidth_slider][\/et_pb_section][et_pb_section fb_built=&#8221;1&#8243; _builder_version=&#8221;4.5.2&#8243; _module_preset=&#8221;default&#8221;][et_pb_row column_structure=&#8221;1_3,1_3,1_3&#8243; _builder_version=&#8221;4.5.2&#8243; _module_preset=&#8221;default&#8221;][et_pb_column type=&#8221;1_3&#8243; _builder_version=&#8221;4.5.2&#8243; _module_preset=&#8221;default&#8221;][et_pb_text _builder_version=&#8221;4.5.2&#8243; _module_preset=&#8221;default&#8221; header_2_text_color=&#8221;#ffffff&#8221; header_2_font_size=&#8221;45px&#8221; background_color=&#8221;#d6d6d6&#8243; text_text_shadow_style=&#8221;preset1&#8243; box_shadow_style=&#8221;preset2&#8243;]<\/p>\n<h2 style=\"text-align: center;\">Kanapa<\/h2>\n<p>[\/et_pb_text][et_pb_text _builder_version=&#8221;4.6.0&#8243; _module_preset=&#8221;default&#8221; text_text_color=&#8221;#e02b20&#8243; text_font_size=&#8221;50px&#8221; custom_padding=&#8221;||0px|||&#8221;]<\/p>\n<p style=\"text-align: center;\">130 &#8211; 350 z\u0142<\/p>\n<p>[\/et_pb_text][et_pb_text ul_type=&#8221;circle&#8221; _builder_version=&#8221;4.6.0&#8243; _module_preset=&#8221;default&#8221; ul_font_size=&#8221;20px&#8221; ul_line_height=&#8221;2em&#8221; min_height=&#8221;181px&#8221;]<\/p>\n<ul>\n<li style=\"text-align: justify;\">Sofa 2-osobowa 130-150 z\u0142<\/li>\n<li style=\"text-align: justify;\">Sofa 3-osobowa 150-180 z\u0142<\/li>\n<li style=\"text-align: justify;\">Sofa naro\u017cna 200-250 z\u0142<\/li>\n<li style=\"text-align: justify;\">W kszta\u0142cie litery U 280-350 z\u0142<\/li>\n<\/ul>\n<p>[\/et_pb_text][\/et_pb_column][et_pb_column type=&#8221;1_3&#8243; _builder_version=&#8221;4.5.2&#8243; _module_preset=&#8221;default&#8221;][et_pb_text _builder_version=&#8221;4.5.2&#8243; _module_preset=&#8221;default&#8221; header_2_text_color=&#8221;#ffffff&#8221; header_2_font_size=&#8221;45px&#8221; background_color=&#8221;#d6d6d6&#8243; text_text_shadow_style=&#8221;preset1&#8243; box_shadow_style=&#8221;preset2&#8243;]<\/p>\n<h2 style=\"text-align: center;\">Krzes\u0142o<\/h2>\n<p>[\/et_pb_text][et_pb_text _builder_version=&#8221;4.6.0&#8243; _module_preset=&#8221;default&#8221; text_text_color=&#8221;#e02b20&#8243; text_font_size=&#8221;50px&#8221;]<\/p>\n<p style=\"text-align: center;\">30 &#8211; 50 z\u0142<\/p>\n<p>[\/et_pb_text][et_pb_text ul_type=&#8221;circle&#8221; _builder_version=&#8221;4.6.0&#8243; _module_preset=&#8221;default&#8221; ul_font_size=&#8221;20px&#8221; ul_line_height=&#8221;2em&#8221; hover_enabled=&#8221;0&#8243; sticky_enabled=&#8221;0&#8243;]<\/p>\n<p>&nbsp;<\/p>\n<ul>\n<li style=\"text-align: justify;\">Krzes\u0142o 30 &#8211; 40 z\u0142<\/li>\n<li style=\"text-align: justify;\">Krzes\u0142o biurowe 40 &#8211; 50 z\u0142<\/li>\n<\/ul>\n<p>[\/et_pb_text][\/et_pb_column][et_pb_column type=&#8221;1_3&#8243; _builder_version=&#8221;4.5.2&#8243; _module_preset=&#8221;default&#8221;][et_pb_text _builder_version=&#8221;4.5.2&#8243; _module_preset=&#8221;default&#8221; header_2_text_color=&#8221;#ffffff&#8221; header_2_font_size=&#8221;45px&#8221; background_color=&#8221;#d6d6d6&#8243; custom_padding=&#8221;||0px|||&#8221; text_text_shadow_style=&#8221;preset1&#8243; box_shadow_style=&#8221;preset2&#8243;]<\/p>\n<h2 class=\"et_pb_pricing_title et-fb-editable-element et-fb-editable-element__editing\" data-shortcode-id=\"1.2.0.1.0-1597042418359\" data-quickaccess-id=\"header-header\" contenteditable=\"true\" style=\"text-align: center;\">Fotel<\/h2>\n<p>[\/et_pb_text][et_pb_text _builder_version=&#8221;4.6.0&#8243; _module_preset=&#8221;default&#8221; text_text_color=&#8221;#e02b20&#8243; text_font_size=&#8221;50px&#8221;]<\/p>\n<p style=\"text-align: center;\">80 &#8211; 100 z\u0142<\/p>\n<p>[\/et_pb_text][et_pb_text ul_type=&#8221;circle&#8221; _builder_version=&#8221;4.5.2&#8243; _module_preset=&#8221;default&#8221; ul_font_size=&#8221;20px&#8221; ul_line_height=&#8221;2em&#8221;][\/et_pb_text][\/et_pb_column][\/et_pb_row][et_pb_row column_structure=&#8221;1_3,1_3,1_3&#8243; _builder_version=&#8221;4.5.2&#8243; _module_preset=&#8221;default&#8221;][et_pb_column type=&#8221;1_3&#8243; _builder_version=&#8221;4.5.2&#8243; _module_preset=&#8221;default&#8221;][et_pb_text _builder_version=&#8221;4.6.0&#8243; _module_preset=&#8221;default&#8221; header_2_text_color=&#8221;#ffffff&#8221; header_2_font_size=&#8221;45px&#8221; background_color=&#8221;#d6d6d6&#8243; text_text_shadow_style=&#8221;preset1&#8243; box_shadow_style=&#8221;preset2&#8243;]<\/p>\n<h2 class=\"et_pb_pricing_title et-fb-editable-element et-fb-editable-element__editing\" data-shortcode-id=\"1.2.0.1.0-1597042418359\" data-quickaccess-id=\"header-header\" contenteditable=\"true\" style=\"text-align: center;\">Wyci\u0105gany wk\u0142ad od naro\u017cnika<\/h2>\n<p>[\/et_pb_text][et_pb_text _builder_version=&#8221;4.6.0&#8243; _module_preset=&#8221;default&#8221; text_text_color=&#8221;#e02b20&#8243; text_font_size=&#8221;50px&#8221;]<\/p>\n<p style=\"text-align: center;\">30 &#8211; 50 z\u0142<\/p>\n<p>[\/et_pb_text][et_pb_text ul_type=&#8221;circle&#8221; _builder_version=&#8221;4.5.2&#8243; _module_preset=&#8221;default&#8221; ul_font_size=&#8221;20px&#8221; ul_line_height=&#8221;2em&#8221;][\/et_pb_text][\/et_pb_column][et_pb_column type=&#8221;1_3&#8243; _builder_version=&#8221;4.5.2&#8243; _module_preset=&#8221;default&#8221;][et_pb_text _builder_version=&#8221;4.5.2&#8243; _module_preset=&#8221;default&#8221; header_2_text_color=&#8221;#ffffff&#8221; header_2_font_size=&#8221;45px&#8221; background_color=&#8221;#d6d6d6&#8243; text_text_shadow_style=&#8221;preset1&#8243; box_shadow_style=&#8221;preset2&#8243;]<\/p>\n<h2 style=\"text-align: center;\">Pufa<\/h2>\n<p>[\/et_pb_text][et_pb_text _builder_version=&#8221;4.6.0&#8243; _module_preset=&#8221;default&#8221; text_text_color=&#8221;#e02b20&#8243; text_font_size=&#8221;50px&#8221;]<\/p>\n<p style=\"text-align: center;\">30 &#8211; 50 z\u0142<\/p>\n<p>[\/et_pb_text][et_pb_text ul_type=&#8221;circle&#8221; _builder_version=&#8221;4.5.2&#8243; _module_preset=&#8221;default&#8221; ul_font_size=&#8221;20px&#8221; ul_line_height=&#8221;2em&#8221;][\/et_pb_text][\/et_pb_column][et_pb_column type=&#8221;1_3&#8243; _builder_version=&#8221;4.5.2&#8243; _module_preset=&#8221;default&#8221;][et_pb_text _builder_version=&#8221;4.5.2&#8243; _module_preset=&#8221;default&#8221; header_2_text_color=&#8221;#ffffff&#8221; header_2_font_size=&#8221;45px&#8221; background_color=&#8221;#d6d6d6&#8243; custom_padding=&#8221;||0px|||&#8221; text_text_shadow_style=&#8221;preset1&#8243; box_shadow_style=&#8221;preset2&#8243;]<\/p>\n<h2 class=\"et_pb_pricing_title et-fb-editable-element et-fb-editable-element__editing\" data-shortcode-id=\"1.2.0.1.1-1597042418368\" data-quickaccess-id=\"header-header\" contenteditable=\"true\" style=\"text-align: center;\">Poducha od kanap<\/h2>\n<p>[\/et_pb_text][et_pb_text _builder_version=&#8221;4.6.0&#8243; _module_preset=&#8221;default&#8221; text_text_color=&#8221;#e02b20&#8243; text_font_size=&#8221;50px&#8221;]<\/p>\n<p style=\"text-align: center;\">10 &#8211; 30 z\u0142<\/p>\n<p>[\/et_pb_text][et_pb_text ul_type=&#8221;circle&#8221; _builder_version=&#8221;4.5.2&#8243; _module_preset=&#8221;default&#8221; ul_font_size=&#8221;20px&#8221; ul_line_height=&#8221;2em&#8221;][\/et_pb_text][\/et_pb_column][\/et_pb_row][et_pb_row _builder_version=&#8221;4.5.2&#8243; _module_preset=&#8221;default&#8221;][et_pb_column type=&#8221;4_4&#8243; _builder_version=&#8221;4.5.2&#8243; _module_preset=&#8221;default&#8221;][et_pb_text _builder_version=&#8221;4.6.0&#8243; _module_preset=&#8221;default&#8221; custom_padding=&#8221;0px|||||&#8221;]<\/p>\n<ul>\n<li><span>powy\u017csze ceny s\u0105 orientacyjne, w przypadku ponadprzeci\u0119tnego zabrudzenia wycena indywidualna na podstawie wys\u0142anych zdj\u0119\u0107 lub na miejscu<\/span><\/li>\n<li><span>za usuni\u0119cie sier\u015bci zwierz\u0105t doliczana jest dodatkowa op\u0142ata od 40 z\u0142 w zale\u017cno\u015bci od wielko\u015bci mebla i ilo\u015bci sier\u015bci<\/span><span><\/span><\/li>\n<li>us\u0142uga mo\u017ce by\u0107 zrealizowana je\u015bli klient zapewni dost\u0119p do pr\u0105du i wody<\/li>\n<\/ul>\n<p>[\/et_pb_text][\/et_pb_column][\/et_pb_row][\/et_pb_section][et_pb_section fb_built=&#8221;1&#8243; _builder_version=&#8221;4.5.2&#8243; _module_preset=&#8221;default&#8221;][et_pb_row _builder_version=&#8221;4.5.2&#8243; _module_preset=&#8221;default&#8221;][et_pb_column type=&#8221;4_4&#8243; _builder_version=&#8221;4.5.2&#8243; _module_preset=&#8221;default&#8221;][et_pb_text _builder_version=&#8221;4.5.2&#8243; _module_preset=&#8221;default&#8221;]<\/p>\n<p style=\"text-align: justify;\">Tapicerki meblowe wykonane ze sk\u00f3ry b\u0105d\u017a eko sk\u00f3ry czyszczone s\u0105 r\u0119cznie, poniewa\u017c tego typu materia\u0142 nie lubi by\u0107 moczony a stosowane \u015brodki s\u0105 dedykowane na w\u0142a\u015bnie tego typu powierzchnie. Po czyszczeniu tapicerka jest konserwowana aby zabezpieczy\u0107 meble przed przesuszeniem i p\u0119kaniem.<\/p>\n<p>[\/et_pb_text][\/et_pb_column][\/et_pb_row][\/et_pb_section][et_pb_section fb_built=&#8221;1&#8243; fullwidth=&#8221;on&#8221; _builder_version=&#8221;4.5.2&#8243; _module_preset=&#8221;default&#8221; bottom_divider_style=&#8221;triangle&#8221; bottom_divider_color=&#8221;#ffffff&#8221; bottom_divider_style_tablet=&#8221;&#8221; bottom_divider_style_phone=&#8221;none&#8221; bottom_divider_style_last_edited=&#8221;on|tablet&#8221;][et_pb_fullwidth_slider _builder_version=&#8221;4.6.0&#8243; _module_preset=&#8221;default&#8221;][et_pb_slide heading=&#8221;Tapicerka sk\u00f3rzana&#8221; _builder_version=&#8221;4.6.0&#8243; _module_preset=&#8221;default&#8221; background_enable_color=&#8221;off&#8221; background_image=&#8221;https:\/\/mobitap.com.pl\/wp-content\/uploads\/2020\/09\/received_659357348293691-scaled.jpeg&#8221; background_enable_image=&#8221;on&#8221; sticky_transition=&#8221;on&#8221;][\/et_pb_slide][\/et_pb_fullwidth_slider][\/et_pb_section][et_pb_section fb_built=&#8221;1&#8243; _builder_version=&#8221;4.5.2&#8243; _module_preset=&#8221;default&#8221;][et_pb_row column_structure=&#8221;1_3,1_3,1_3&#8243; _builder_version=&#8221;4.5.2&#8243; _module_preset=&#8221;default&#8221;][et_pb_column type=&#8221;1_3&#8243; _builder_version=&#8221;4.5.2&#8243; _module_preset=&#8221;default&#8221;][et_pb_text _builder_version=&#8221;4.5.2&#8243; _module_preset=&#8221;default&#8221; header_2_text_color=&#8221;#ffffff&#8221; header_2_font_size=&#8221;45px&#8221; background_color=&#8221;#d6d6d6&#8243; text_text_shadow_style=&#8221;preset1&#8243; box_shadow_style=&#8221;preset2&#8243;]<\/p>\n<h2 class=\"et_pb_pricing_title et-fb-editable-element et-fb-editable-element__editing\" data-shortcode-id=\"1.2.0.1.0-1597042418359\" data-quickaccess-id=\"header-header\" contenteditable=\"true\" style=\"text-align: center;\">Kanapa<\/h2>\n<p>[\/et_pb_text][et_pb_text _builder_version=&#8221;4.6.0&#8243; _module_preset=&#8221;default&#8221; text_text_color=&#8221;#e02b20&#8243; text_font_size=&#8221;50px&#8221;]<\/p>\n<p style=\"text-align: center;\">150 &#8211; 350 z\u0142<\/p>\n<p>[\/et_pb_text][et_pb_text ul_type=&#8221;circle&#8221; _builder_version=&#8221;4.6.0&#8243; _module_preset=&#8221;default&#8221; ul_font_size=&#8221;20px&#8221; ul_line_height=&#8221;2em&#8221;]<\/p>\n<ul>\n<li>Sofa 2-osobowa 150-180 z\u0142<\/li>\n<li>Sofa 3-osobowa 180-210 z\u0142<\/li>\n<li>Sofa naro\u017cna 230-270 z\u0142<\/li>\n<li>W kszta\u0142cie litery U 300-350 z\u0142<\/li>\n<\/ul>\n<p>[\/et_pb_text][\/et_pb_column][et_pb_column type=&#8221;1_3&#8243; _builder_version=&#8221;4.5.2&#8243; _module_preset=&#8221;default&#8221;][et_pb_text _builder_version=&#8221;4.5.2&#8243; _module_preset=&#8221;default&#8221; header_2_text_color=&#8221;#ffffff&#8221; header_2_font_size=&#8221;45px&#8221; background_color=&#8221;#d6d6d6&#8243; text_text_shadow_style=&#8221;preset1&#8243; box_shadow_style=&#8221;preset2&#8243;]<\/p>\n<h2 style=\"text-align: center;\">Krzes\u0142o<\/h2>\n<p>[\/et_pb_text][et_pb_text _builder_version=&#8221;4.6.0&#8243; _module_preset=&#8221;default&#8221; text_text_color=&#8221;#e02b20&#8243; text_font_size=&#8221;50px&#8221; hover_enabled=&#8221;0&#8243; sticky_enabled=&#8221;0&#8243;]<\/p>\n<p style=\"text-align: center;\">30 &#8211; 60 z\u0142<\/p>\n<p>[\/et_pb_text][et_pb_text ul_type=&#8221;circle&#8221; _builder_version=&#8221;4.6.0&#8243; _module_preset=&#8221;default&#8221; ul_font_size=&#8221;20px&#8221; ul_line_height=&#8221;2em&#8221; hover_enabled=&#8221;0&#8243; sticky_enabled=&#8221;0&#8243;]<\/p>\n<p>&nbsp;<\/p>\n<ul>\n<li>Krzes\u0142o 30-50 z\u0142<\/li>\n<li>Krzes\u0142o biurowe 50-60 z\u0142<\/li>\n<\/ul>\n<p>[\/et_pb_text][\/et_pb_column][et_pb_column type=&#8221;1_3&#8243; _builder_version=&#8221;4.5.2&#8243; _module_preset=&#8221;default&#8221;][et_pb_text _builder_version=&#8221;4.5.2&#8243; _module_preset=&#8221;default&#8221; header_2_text_color=&#8221;#ffffff&#8221; header_2_font_size=&#8221;45px&#8221; background_color=&#8221;#d6d6d6&#8243; custom_padding=&#8221;||0px|||&#8221; text_text_shadow_style=&#8221;preset1&#8243; box_shadow_style=&#8221;preset2&#8243;]<\/p>\n<h2 class=\"et_pb_pricing_title et-fb-editable-element et-fb-editable-element__editing\" data-shortcode-id=\"1.2.0.1.1-1597042418368\" data-quickaccess-id=\"header-header\" contenteditable=\"true\" style=\"text-align: center;\">Fotel<\/h2>\n<p>[\/et_pb_text][et_pb_text _builder_version=&#8221;4.6.0&#8243; _module_preset=&#8221;default&#8221; text_text_color=&#8221;#e02b20&#8243; text_font_size=&#8221;50px&#8221;]<\/p>\n<p style=\"text-align: center;\">100 &#8211; 120 z\u0142<\/p>\n<p>[\/et_pb_text][et_pb_text ul_type=&#8221;circle&#8221; _builder_version=&#8221;4.5.2&#8243; _module_preset=&#8221;default&#8221; ul_font_size=&#8221;20px&#8221; ul_line_height=&#8221;2em&#8221;][\/et_pb_text][\/et_pb_column][\/et_pb_row][et_pb_row column_structure=&#8221;1_2,1_2&#8243; admin_label=&#8221;Wiersz&#8221; _builder_version=&#8221;4.5.2&#8243; _module_preset=&#8221;default&#8221;][et_pb_column type=&#8221;1_2&#8243; _builder_version=&#8221;4.5.2&#8243; _module_preset=&#8221;default&#8221;][et_pb_text _builder_version=&#8221;4.5.2&#8243; _module_preset=&#8221;default&#8221; header_2_text_color=&#8221;#ffffff&#8221; header_2_font_size=&#8221;45px&#8221; background_color=&#8221;#d6d6d6&#8243; text_text_shadow_style=&#8221;preset1&#8243; box_shadow_style=&#8221;preset2&#8243;]<\/p>\n<h2 class=\"et_pb_pricing_title et-fb-editable-element et-fb-editable-element__editing\" data-shortcode-id=\"1.2.0.1.0-1597042418359\" data-quickaccess-id=\"header-header\" contenteditable=\"true\" style=\"text-align: center;\">Poducha od kanap<\/h2>\n<p>[\/et_pb_text][et_pb_text _builder_version=&#8221;4.6.0&#8243; _module_preset=&#8221;default&#8221; text_text_color=&#8221;#e02b20&#8243; text_font_size=&#8221;50px&#8221;]<\/p>\n<p style=\"text-align: center;\">20 &#8211; 30 z\u0142<\/p>\n<p>[\/et_pb_text][et_pb_text ul_type=&#8221;circle&#8221; _builder_version=&#8221;4.5.2&#8243; _module_preset=&#8221;default&#8221; ul_font_size=&#8221;20px&#8221; ul_line_height=&#8221;2em&#8221;][\/et_pb_text][\/et_pb_column][et_pb_column type=&#8221;1_2&#8243; _builder_version=&#8221;4.5.2&#8243; _module_preset=&#8221;default&#8221;][et_pb_text _builder_version=&#8221;4.5.2&#8243; _module_preset=&#8221;default&#8221; header_2_text_color=&#8221;#ffffff&#8221; header_2_font_size=&#8221;45px&#8221; background_color=&#8221;#d6d6d6&#8243; text_text_shadow_style=&#8221;preset1&#8243; box_shadow_style=&#8221;preset2&#8243;]<\/p>\n<h2 style=\"text-align: center;\">Pufa<\/h2>\n<p>[\/et_pb_text][et_pb_text _builder_version=&#8221;4.6.0&#8243; _module_preset=&#8221;default&#8221; text_text_color=&#8221;#e02b20&#8243; text_font_size=&#8221;50px&#8221;]<\/p>\n<p style=\"text-align: center;\">40 &#8211; 60 z\u0142<\/p>\n<p>[\/et_pb_text][et_pb_text ul_type=&#8221;circle&#8221; _builder_version=&#8221;4.5.2&#8243; _module_preset=&#8221;default&#8221; ul_font_size=&#8221;20px&#8221; ul_line_height=&#8221;2em&#8221;][\/et_pb_text][et_pb_text ul_type=&#8221;circle&#8221; _builder_version=&#8221;4.5.2&#8243; _module_preset=&#8221;default&#8221; ul_font_size=&#8221;20px&#8221; ul_line_height=&#8221;2em&#8221;][\/et_pb_text][\/et_pb_column][\/et_pb_row][et_pb_row _builder_version=&#8221;4.5.2&#8243; _module_preset=&#8221;default&#8221;][et_pb_column type=&#8221;4_4&#8243; _builder_version=&#8221;4.5.2&#8243; _module_preset=&#8221;default&#8221;][et_pb_text _builder_version=&#8221;4.6.0&#8243; _module_preset=&#8221;default&#8221;]<\/p>\n<ul>\n<li><span>powy\u017csze ceny s\u0105 orientacyjne, w przypadku ponadprzeci\u0119tnego zabrudzenia wycena indywidualna na podstawie wys\u0142anych zdj\u0119\u0107 lub na miejscu<\/span><\/li>\n<\/ul>\n<p>[\/et_pb_text][\/et_pb_column][\/et_pb_row][et_pb_row _builder_version=&#8221;4.5.2&#8243; _module_preset=&#8221;default&#8221;][et_pb_column type=&#8221;4_4&#8243; _builder_version=&#8221;4.5.2&#8243; _module_preset=&#8221;default&#8221;][et_pb_gallery gallery_ids=&#8221;228,226,175,174,200,169,167,271,168,130,129,148,91,90,89,98,99,92,97,128,93,96,95,28,30,240&#8243; fullwidth=&#8221;on&#8221; _builder_version=&#8221;4.6.0&#8243; _module_preset=&#8221;default&#8221;][\/et_pb_gallery][\/et_pb_column][\/et_pb_row][\/et_pb_section]<\/p>\n","protected":false},"excerpt":{"rendered":"<p>[et_pb_section fb_built=&#8221;1&#8243; fullwidth=&#8221;on&#8221; _builder_version=&#8221;4.5.2&#8243; _module_preset=&#8221;default&#8221; bottom_divider_style=&#8221;arrow3&#8243; bottom_divider_color=&#8221;#ffffff&#8221;][et_pb_fullwidth_slider _builder_version=&#8221;4.5.2&#8243; _module_preset=&#8221;default&#8221; header_text_shadow_style=&#8221;preset2&#8243; text_shadow_style=&#8221;preset4&#8243;][et_pb_slide heading=&#8221;Pranie tapicerek meblowych&#8221; _builder_version=&#8221;4.5.2&#8243; _module_preset=&#8221;default&#8221; background_image=&#8221;https:\/\/mobitap.com.pl\/wp-content\/uploads\/2020\/08\/3751942-1-scaled-1.jpg&#8221; background_enable_image=&#8221;on&#8221; sticky_transition=&#8221;on&#8221;][\/et_pb_slide][\/et_pb_fullwidth_slider][\/et_pb_section][et_pb_section fb_built=&#8221;1&#8243; _builder_version=&#8221;4.5.2&#8243; _module_preset=&#8221;default&#8221;][et_pb_row _builder_version=&#8221;4.5.2&#8243; _module_preset=&#8221;default&#8221;][et_pb_column type=&#8221;4_4&#8243; _builder_version=&#8221;4.5.2&#8243; _module_preset=&#8221;default&#8221;][et_pb_text _builder_version=&#8221;4.6.0&#8243; _module_preset=&#8221;default&#8221;] Oferujemy pranie tapicerek meblowych tj. kanapy, sofy, naro\u017cniki, fotele, pufy i krzes\u0142a. Czyszczenie wykonywane jest metod\u0105 ekstrakcyjn\u0105 poprzez u\u017cywanie maszyny natryskowo ss\u0105cej, kt\u00f3ra skutecznie usuwa plamy [&hellip;]<\/p>\n","protected":false},"author":1,"featured_media":0,"parent":0,"menu_order":0,"comment_status":"closed","ping_status":"closed","template":"","meta":{"_et_pb_use_builder":"on","_et_pb_old_content":"<!-- wp:divi\/placeholder \/-->","_et_gb_content_width":"","footnotes":""},"_links":{"self":[{"href":"https:\/\/mobitap.com.pl\/index.php?rest_route=\/wp\/v2\/pages\/8"}],"collection":[{"href":"https:\/\/mobitap.com.pl\/index.php?rest_route=\/wp\/v2\/pages"}],"about":[{"href":"https:\/\/mobitap.com.pl\/index.php?rest_route=\/wp\/v2\/types\/page"}],"author":[{"embeddable":true,"href":"https:\/\/mobitap.com.pl\/index.php?rest_route=\/wp\/v2\/users\/1"}],"replies":[{"embeddable":true,"href":"https:\/\/mobitap.com.pl\/index.php?rest_route=%2Fwp%2Fv2%2Fcomments&post=8"}],"version-history":[{"count":32,"href":"https:\/\/mobitap.com.pl\/index.php?rest_route=\/wp\/v2\/pages\/8\/revisions"}],"predecessor-version":[{"id":319,"href":"https:\/\/mobitap.com.pl\/index.php?rest_route=\/wp\/v2\/pages\/8\/revisions\/319"}],"wp:attachment":[{"href":"https:\/\/mobitap.com.pl\/index.php?rest_route=%2Fwp%2Fv2%2Fmedia&parent=8"}],"curies":[{"name":"wp","href":"https:\/\/api.w.org\/{rel}","templated":true}]}}